{"id":17440,"date":"2022-08-08T14:00:45","date_gmt":"2022-08-08T18:00:45","guid":{"rendered":"https:\/\/equiton.com\/?page_id=17440"},"modified":"2022-12-01T10:48:32","modified_gmt":"2022-12-01T15:48:32","slug":"aida-tammer","status":"publish","type":"page","link":"https:\/\/equiton.com\/fr\/investisseurs-institutionnels\/a-propos-dequiton\/equipes\/bio\/aida-tammer\/","title":{"rendered":"Aida Tammer"},"content":{"rendered":"<p><div class=\"fusion-fullwidth fullwidth-box fusion-builder-row-1 fusion-flex-container nonhundred-percent-fullwidth non-hundred-percent-height-scrolling\" style=\"background-color: rgba(255,255,255,0);background-position: center center;background-repeat: no-repeat;border-width: 0px 0px 0px 0px;border-color:var(--awb-color3);border-style:solid;\" ><div class=\"fusion-builder-row fusion-row fusion-flex-align-items-flex-start\" style=\"max-width:1560px;margin-left: calc(-4% \/ 2 );margin-right: calc(-4% \/ 2 );\"><div class=\"fusion-layout-column fusion_builder_column fusion-builder-column-0 fusion_builder_column_3_4 3_4 fusion-flex-column fusion-animated\" data-animationType=\"slideInLeft\" data-animationDuration=\"2.0\" data-animationOffset=\"top-into-view\"><div class=\"fusion-column-wrapper fusion-flex-justify-content-flex-start fusion-content-layout-column\" style=\"background-position:left top;background-repeat:no-repeat;-webkit-background-size:cover;-moz-background-size:cover;-o-background-size:cover;background-size:cover;padding: 0px 0px 0px 0px;\"><div ><style>.fusion-body .fusion-button.button-1{border-radius:0px 0px 0px 0px;}<\/style><a class=\"fusion-button button-flat fusion-button-default-size button-default button-1 fusion-button-default-span fusion-button-default-type back-button\" target=\"_self\" onclick=\"history.back(-1)\" style=\"margin-top:20px;\"><span class=\"fusion-button-text\">Retour<\/span><\/a><\/div><\/div><style type=\"text\/css\">.fusion-body .fusion-builder-column-0{width:75% !important;margin-top : 0px;margin-bottom : 0px;}.fusion-builder-column-0 > .fusion-column-wrapper {padding-top : 0px !important;padding-right : 0px !important;margin-right : 2.56%;padding-bottom : 0px !important;padding-left : 0px !important;margin-left : 2.56%;}@media only screen and (max-width:1200px) {.fusion-body .fusion-builder-column-0{width:75% !important;order : 0;}.fusion-builder-column-0 > .fusion-column-wrapper {margin-right : 2.56%;margin-left : 2.56%;}}@media only screen and (max-width:700px) {.fusion-body .fusion-builder-column-0{width:100% !important;order : 0;}.fusion-builder-column-0 > .fusion-column-wrapper {margin-right : 1.92%;margin-left : 1.92%;}}<\/style><\/div><\/div><style type=\"text\/css\">.fusion-body .fusion-flex-container.fusion-builder-row-1{ padding-top : 0px;margin-top : 60px;padding-right : 0px;padding-bottom : 0px;margin-bottom : 0px;padding-left : 0px;}<\/style><\/div><div class=\"fusion-fullwidth fullwidth-box fusion-builder-row-2 fusion-flex-container nonhundred-percent-fullwidth non-hundred-percent-height-scrolling\" style=\"background-color: rgba(255,255,255,0);background-position: center center;background-repeat: no-repeat;border-width: 0px 0px 0px 0px;border-color:var(--awb-color3);border-style:solid;\" ><div class=\"fusion-builder-row fusion-row fusion-flex-align-items-flex-start\" style=\"max-width:1560px;margin-left: calc(-4% \/ 2 );margin-right: calc(-4% \/ 2 );\"><div class=\"fusion-layout-column fusion_builder_column fusion-builder-column-1 fusion_builder_column_1_1 1_1 fusion-flex-column fusion-animated\" data-animationType=\"fadeInUp\" data-animationDuration=\"2.0\" data-animationOffset=\"top-into-view\"><div class=\"fusion-column-wrapper fusion-flex-justify-content-flex-start fusion-content-layout-column\" style=\"background-position:left top;background-repeat:no-repeat;-webkit-background-size:cover;-moz-background-size:cover;-o-background-size:cover;background-size:cover;padding: 0px 0px 0px 0px;\"><style>\/*  div wrapped around entire staff list  *\/\r\n    div.staff-member-listing {\r\n}\r\n\/*  div wrapped around each staff member  *\/\r\ndiv.staff-member {\r\n    padding-bottom: 2em;\r\n    border-bottom: thin dotted #aaa;\r\n}\r\n\/*  Even staff member  *\/\r\ndiv.staff-member.even {\r\n}\r\n\/*  Odd staff member  *\/\r\ndiv.staff-member.odd {\r\n    margin-top: 2em;\r\n}\r\n\/*  Last staff member  *\/\r\ndiv.staff-member.last {\r\n    padding-bottom: 0;\r\n    border: none;\r\n}\r\n\/*  Wrap around staff info  *\/\r\n.staff-member-info-wrap {\r\n    float: left;\r\n    width: 70%;\r\n    margin-left: 3%;\r\n}\r\n\/*  [staff-bio-formatted]  *\/\r\ndiv.staff-member-bio {\r\n}\r\n\/*  p tags within [staff-bio-formatted]  *\/\r\ndiv.staff-member-bio p {\r\n}\r\n\/*  [staff-photo]  *\/\r\nimg.staff-member-photo {\r\n    float: left;\r\n}\r\n\/*  [staff-email-link]  *\/\r\n.staff-member-email {\r\n}\r\n\/*  [staff-name-formatted]  *\/\r\ndiv.staff-member-listing h3.staff-member-name {\r\n    margin: 0;\r\n}\r\n\/*  [staff-position-formatted]  *\/\r\ndiv.staff-member-listing h4.staff-member-position {\r\n    margin: 0;\r\n    font-style: italic;\r\n}\r\n\/* Clearfix for div.staff-member *\/\r\ndiv.staff-member:after {\r\n    content: &quot;&quot;;\r\n    display: block;\r\n    clear: both;\r\n}\r\n\/* Clearfix for &lt;= IE7 *\/\r\n* html div.staff-member { height: 1%; }\r\ndiv.staff-member { display: block; }\r\n<\/style><div class=\"staff-member-listing \"><div class=\"staff-member even  last\">\r\n    <img decoding=\"async\" class=\"staff-member-photo\" src=\"https:\/\/equiton.com\/wp-content\/uploads\/2022\/09\/Aida-Tammer-2023.webp\" alt=\"Aida Tammer : Membre ind\u00e9pendant du conseil d\u2019administration\">\r\n    <div class=\"staff-member-info-wrap\">\r\n        <h1> Aida Tammer <\/h1>\r\n        <h4 class=\"staff-member-position\">Membre ind\u00e9pendant du conseil d\u2019administration<\/h4>\r\n        <div class=\"staff-member-bio\"><p>Aida Tammer poss\u00e8de plus de 30 ans d'exp\u00e9rience dans le secteur des march\u00e9s de capitaux, de la gouvernance d'entreprise et de l'investissement immobilier. Elle a conseill\u00e9 de nombreuses op\u00e9rations de premier appel public \u00e0 l'\u00e9pargne de FPI et processus de fusions et d'acquisitions, des \u00e9missions de titres d'emprunt et d'actions et des transactions immobili\u00e8res. Elle a pass\u00e9 19 ans au sein du groupe de soci\u00e9t\u00e9s CIBC, dont plus d'une d\u00e9cennie en tant que preneuse ferme d'investissement immobilier \u00e0 March\u00e9s mondiaux CIBC Inc. et, auparavant, dans des postes de plus en plus importants \u00e0 la Soci\u00e9t\u00e9 de d\u00e9veloppement de CIBC Depuis 2010, son travail de conseil en immobilier l'a notamment amen\u00e9e \u00e0 fournir des avis \u00e9crits en tant que t\u00e9moin experte.Aida d\u00e9tient un MBA en finance de la Rotman School of Management, le titre de CFA, une formation sp\u00e9cialis\u00e9e en produits d\u00e9riv\u00e9s et en gestion des risques financiers (Institut canadien des valeurs mobili\u00e8res) et des dipl\u00f4mes de premier cycle de l\u2019University of Waterloo School of Architecture. Elle est devenue architecte agr\u00e9\u00e9e au d\u00e9but de sa carri\u00e8re. Elle est titulaire du titre IAS.A et a si\u00e9g\u00e9 dans plusieurs conseils d'administration de soci\u00e9t\u00e9s publiques.<\/p>\n<\/div>\r\n        \r\n    <\/div>\r\n<\/div> <!-- Close staff-member --><\/div> <!-- Close staff-member-listing --><\/div><style type=\"text\/css\">.fusion-body .fusion-builder-column-1{width:100% !important;margin-top : 0px;margin-bottom : 20px;}.fusion-builder-column-1 > .fusion-column-wrapper {padding-top : 0px !important;padding-right : 0px !important;margin-right : 1.92%;padding-bottom : 0px !important;padding-left : 0px !important;margin-left : 100px;}@media only screen and (max-width:1200px) {.fusion-body .fusion-builder-column-1{width:100% !important;order : 0;}.fusion-builder-column-1 > .fusion-column-wrapper {margin-right : 1.92%;margin-left : 100px;}}@media only screen and (max-width:700px) {.fusion-body .fusion-builder-column-1{width:100% !important;order : 0;}.fusion-builder-column-1 > .fusion-column-wrapper {margin-right : 1.92%;margin-left : 1.92%;}}<\/style><\/div><\/div><style type=\"text\/css\">.fusion-body .fusion-flex-container.fusion-builder-row-2{ padding-top : 0px;margin-top : 60px;padding-right : 0px;padding-bottom : 0px;margin-bottom : 0px;padding-left : 0px;}<\/style><\/div><\/p>\n","protected":false},"excerpt":{"rendered":"","protected":false},"author":6,"featured_media":0,"parent":14497,"menu_order":0,"comment_status":"closed","ping_status":"closed","template":"100-width.php","meta":{"_acf_changed":false,"inline_featured_image":false,"footnotes":"","_links_to":"","_links_to_target":""},"class_list":["post-17440","page","type-page","status-publish","hentry"],"acf":[],"yoast_head":"<!-- This site is optimized with the Yoast SEO Premium plugin v24.3 (Yoast SEO v24.3) - https:\/\/yoast.com\/wordpress\/plugins\/seo\/ -->\n<title>Aida Tammer - Equiton<\/title>\n<meta name=\"description\" content=\"Aida Tammer poss\u00e8de plus de 30 ans d\u2019exp\u00e9rience dans le secteur des march\u00e9s de capitaux, de la gouvernance d\u2019entreprise et de l\u2019investissement immobilier.\" \/>\n<meta name=\"robots\" content=\"index, follow, max-snippet:-1, max-image-preview:large, max-video-preview:-1\" \/>\n<link rel=\"canonical\" href=\"\/individual-investors\/about-private-real-estate\/team\/bio\/aida-tammer\/\" \/>\n<meta property=\"og:locale\" content=\"fr_CA\" \/>\n<meta property=\"og:type\" content=\"article\" \/>\n<meta property=\"og:title\" content=\"Aida Tammer\" \/>\n<meta property=\"og:description\" content=\"Aida Tammer poss\u00e8de plus de 30 ans d\u2019exp\u00e9rience dans le secteur des march\u00e9s de capitaux, de la gouvernance d\u2019entreprise et de l\u2019investissement immobilier.\" \/>\n<meta property=\"og:url\" content=\"\/individual-investors\/about-private-real-estate\/team\/bio\/aida-tammer\/\" \/>\n<meta property=\"og:site_name\" content=\"Equiton\" \/>\n<meta property=\"article:publisher\" content=\"https:\/\/www.facebook.com\/equitoninc\" \/>\n<meta property=\"article:modified_time\" content=\"2022-12-01T15:48:32+00:00\" \/>\n<meta name=\"twitter:card\" content=\"summary_large_image\" \/>\n<meta name=\"twitter:label1\" content=\"Estimation du temps de lecture\" \/>\n\t<meta name=\"twitter:data1\" content=\"7 minutes\" \/>\n<script type=\"application\/ld+json\" class=\"yoast-schema-graph\">{\"@context\":\"https:\/\/schema.org\",\"@graph\":[{\"@type\":\"WebPage\",\"@id\":\"https:\/\/equiton.com\/fr\/investisseurs-institutionnels\/a-propos-dequiton\/equipes\/bio\/aida-tammer\/\",\"url\":\"\/individual-investors\/about-private-real-estate\/team\/bio\/aida-tammer\/\",\"name\":\"Aida Tammer - Equiton\",\"isPartOf\":{\"@id\":\"https:\/\/fr.equiton.com\/fr\/#website\"},\"datePublished\":\"2022-08-08T18:00:45+00:00\",\"dateModified\":\"2022-12-01T15:48:32+00:00\",\"description\":\"Aida Tammer poss\u00e8de plus de 30 ans d\u2019exp\u00e9rience dans le secteur des march\u00e9s de capitaux, de la gouvernance d\u2019entreprise et de l\u2019investissement immobilier.\",\"breadcrumb\":{\"@id\":\"\/individual-investors\/about-private-real-estate\/team\/bio\/aida-tammer\/#breadcrumb\"},\"inLanguage\":\"fr-CA\",\"potentialAction\":[{\"@type\":\"ReadAction\",\"target\":[\"\/individual-investors\/about-private-real-estate\/team\/bio\/aida-tammer\/\"]}]},{\"@type\":\"BreadcrumbList\",\"@id\":\"\/individual-investors\/about-private-real-estate\/team\/bio\/aida-tammer\/#breadcrumb\",\"itemListElement\":[{\"@type\":\"ListItem\",\"position\":1,\"name\":\"Home\",\"item\":\"https:\/\/fr.equiton.com\/fr\/\"},{\"@type\":\"ListItem\",\"position\":2,\"name\":\"Investisseurs Institutionnels\",\"item\":\"https:\/\/equiton.com\/fr\/investisseurs-institutionnels\/\"},{\"@type\":\"ListItem\",\"position\":3,\"name\":\"\u00c0 propos d&rsquo;Equiton\",\"item\":\"https:\/\/equiton.com\/fr\/investisseurs-institutionnels\/a-propos-dequiton\/\"},{\"@type\":\"ListItem\",\"position\":4,\"name\":\"\u00c9quipes\",\"item\":\"https:\/\/equiton.com\/fr\/investisseurs-institutionnels\/a-propos-dequiton\/equipes\/\"},{\"@type\":\"ListItem\",\"position\":5,\"name\":\"Bio\",\"item\":\"https:\/\/equiton.com\/fr\/investisseurs-institutionnels\/a-propos-dequiton\/equipes\/bio\/\"},{\"@type\":\"ListItem\",\"position\":6,\"name\":\"Aida Tammer\"}]},{\"@type\":\"WebSite\",\"@id\":\"https:\/\/fr.equiton.com\/fr\/#website\",\"url\":\"https:\/\/fr.equiton.com\/fr\/\",\"name\":\"Equiton\",\"description\":\"\",\"publisher\":{\"@id\":\"https:\/\/fr.equiton.com\/fr\/#organization\"},\"potentialAction\":[{\"@type\":\"SearchAction\",\"target\":{\"@type\":\"EntryPoint\",\"urlTemplate\":\"https:\/\/fr.equiton.com\/fr\/?s={search_term_string}\"},\"query-input\":{\"@type\":\"PropertyValueSpecification\",\"valueRequired\":true,\"valueName\":\"search_term_string\"}}],\"inLanguage\":\"fr-CA\"},{\"@type\":\"Organization\",\"@id\":\"https:\/\/fr.equiton.com\/fr\/#organization\",\"name\":\"Equiton\",\"url\":\"https:\/\/fr.equiton.com\/fr\/\",\"logo\":{\"@type\":\"ImageObject\",\"inLanguage\":\"fr-CA\",\"@id\":\"https:\/\/fr.equiton.com\/fr\/#\/schema\/logo\/image\/\",\"url\":\"https:\/\/equiton.com\/wp-content\/uploads\/2022\/06\/Equiton-Logo-Placeholder.jpg\",\"contentUrl\":\"https:\/\/equiton.com\/wp-content\/uploads\/2022\/06\/Equiton-Logo-Placeholder.jpg\",\"width\":455,\"height\":312,\"caption\":\"Equiton\"},\"image\":{\"@id\":\"https:\/\/fr.equiton.com\/fr\/#\/schema\/logo\/image\/\"},\"sameAs\":[\"https:\/\/www.facebook.com\/equitoninc\",\"https:\/\/ca.linkedin.com\/company\/equiton-partners\"]}]}<\/script>\n<!-- \/ Yoast SEO Premium plugin. -->","yoast_head_json":{"title":"Aida Tammer - Equiton","description":"Aida Tammer poss\u00e8de plus de 30 ans d\u2019exp\u00e9rience dans le secteur des march\u00e9s de capitaux, de la gouvernance d\u2019entreprise et de l\u2019investissement immobilier.","robots":{"index":"index","follow":"follow","max-snippet":"max-snippet:-1","max-image-preview":"max-image-preview:large","max-video-preview":"max-video-preview:-1"},"canonical":"\/individual-investors\/about-private-real-estate\/team\/bio\/aida-tammer\/","og_locale":"fr_CA","og_type":"article","og_title":"Aida Tammer","og_description":"Aida Tammer poss\u00e8de plus de 30 ans d\u2019exp\u00e9rience dans le secteur des march\u00e9s de capitaux, de la gouvernance d\u2019entreprise et de l\u2019investissement immobilier.","og_url":"\/individual-investors\/about-private-real-estate\/team\/bio\/aida-tammer\/","og_site_name":"Equiton","article_publisher":"https:\/\/www.facebook.com\/equitoninc","article_modified_time":"2022-12-01T15:48:32+00:00","twitter_card":"summary_large_image","twitter_misc":{"Estimation du temps de lecture":"7 minutes"},"schema":{"@context":"https:\/\/schema.org","@graph":[{"@type":"WebPage","@id":"https:\/\/equiton.com\/fr\/investisseurs-institutionnels\/a-propos-dequiton\/equipes\/bio\/aida-tammer\/","url":"\/individual-investors\/about-private-real-estate\/team\/bio\/aida-tammer\/","name":"Aida Tammer - Equiton","isPartOf":{"@id":"https:\/\/fr.equiton.com\/fr\/#website"},"datePublished":"2022-08-08T18:00:45+00:00","dateModified":"2022-12-01T15:48:32+00:00","description":"Aida Tammer poss\u00e8de plus de 30 ans d\u2019exp\u00e9rience dans le secteur des march\u00e9s de capitaux, de la gouvernance d\u2019entreprise et de l\u2019investissement immobilier.","breadcrumb":{"@id":"\/individual-investors\/about-private-real-estate\/team\/bio\/aida-tammer\/#breadcrumb"},"inLanguage":"fr-CA","potentialAction":[{"@type":"ReadAction","target":["\/individual-investors\/about-private-real-estate\/team\/bio\/aida-tammer\/"]}]},{"@type":"BreadcrumbList","@id":"\/individual-investors\/about-private-real-estate\/team\/bio\/aida-tammer\/#breadcrumb","itemListElement":[{"@type":"ListItem","position":1,"name":"Home","item":"https:\/\/fr.equiton.com\/fr\/"},{"@type":"ListItem","position":2,"name":"Investisseurs Institutionnels","item":"https:\/\/equiton.com\/fr\/investisseurs-institutionnels\/"},{"@type":"ListItem","position":3,"name":"\u00c0 propos d&rsquo;Equiton","item":"https:\/\/equiton.com\/fr\/investisseurs-institutionnels\/a-propos-dequiton\/"},{"@type":"ListItem","position":4,"name":"\u00c9quipes","item":"https:\/\/equiton.com\/fr\/investisseurs-institutionnels\/a-propos-dequiton\/equipes\/"},{"@type":"ListItem","position":5,"name":"Bio","item":"https:\/\/equiton.com\/fr\/investisseurs-institutionnels\/a-propos-dequiton\/equipes\/bio\/"},{"@type":"ListItem","position":6,"name":"Aida Tammer"}]},{"@type":"WebSite","@id":"https:\/\/fr.equiton.com\/fr\/#website","url":"https:\/\/fr.equiton.com\/fr\/","name":"Equiton","description":"","publisher":{"@id":"https:\/\/fr.equiton.com\/fr\/#organization"},"potentialAction":[{"@type":"SearchAction","target":{"@type":"EntryPoint","urlTemplate":"https:\/\/fr.equiton.com\/fr\/?s={search_term_string}"},"query-input":{"@type":"PropertyValueSpecification","valueRequired":true,"valueName":"search_term_string"}}],"inLanguage":"fr-CA"},{"@type":"Organization","@id":"https:\/\/fr.equiton.com\/fr\/#organization","name":"Equiton","url":"https:\/\/fr.equiton.com\/fr\/","logo":{"@type":"ImageObject","inLanguage":"fr-CA","@id":"https:\/\/fr.equiton.com\/fr\/#\/schema\/logo\/image\/","url":"https:\/\/equiton.com\/wp-content\/uploads\/2022\/06\/Equiton-Logo-Placeholder.jpg","contentUrl":"https:\/\/equiton.com\/wp-content\/uploads\/2022\/06\/Equiton-Logo-Placeholder.jpg","width":455,"height":312,"caption":"Equiton"},"image":{"@id":"https:\/\/fr.equiton.com\/fr\/#\/schema\/logo\/image\/"},"sameAs":["https:\/\/www.facebook.com\/equitoninc","https:\/\/ca.linkedin.com\/company\/equiton-partners"]}]}},"_links":{"self":[{"href":"https:\/\/equiton.com\/fr\/wp-json\/wp\/v2\/pages\/17440","targetHints":{"allow":["GET"]}}],"collection":[{"href":"https:\/\/equiton.com\/fr\/wp-json\/wp\/v2\/pages"}],"about":[{"href":"https:\/\/equiton.com\/fr\/wp-json\/wp\/v2\/types\/page"}],"author":[{"embeddable":true,"href":"https:\/\/equiton.com\/fr\/wp-json\/wp\/v2\/users\/6"}],"replies":[{"embeddable":true,"href":"https:\/\/equiton.com\/fr\/wp-json\/wp\/v2\/comments?post=17440"}],"version-history":[{"count":0,"href":"https:\/\/equiton.com\/fr\/wp-json\/wp\/v2\/pages\/17440\/revisions"}],"up":[{"embeddable":true,"href":"https:\/\/equiton.com\/fr\/wp-json\/wp\/v2\/pages\/14497"}],"wp:attachment":[{"href":"https:\/\/equiton.com\/fr\/wp-json\/wp\/v2\/media?parent=17440"}],"curies":[{"name":"wp","href":"https:\/\/api.w.org\/{rel}","templated":true}]}}