{"id":17454,"date":"2022-08-08T13:59:59","date_gmt":"2022-08-08T17:59:59","guid":{"rendered":"https:\/\/equiton.com\/?page_id=17454"},"modified":"2022-12-01T11:32:43","modified_gmt":"2022-12-01T16:32:43","slug":"bill-zigomanis","status":"publish","type":"page","link":"https:\/\/equiton.com\/fr\/investisseurs-institutionnels\/a-propos-dequiton\/equipes\/bio\/bill-zigomanis\/","title":{"rendered":"Bill Zigomanis"},"content":{"rendered":"<p><div class=\"fusion-fullwidth fullwidth-box fusion-builder-row-1 fusion-flex-container nonhundred-percent-fullwidth non-hundred-percent-height-scrolling\" style=\"background-color: rgba(255,255,255,0);background-position: center center;background-repeat: no-repeat;border-width: 0px 0px 0px 0px;border-color:var(--awb-color3);border-style:solid;\" ><div class=\"fusion-builder-row fusion-row fusion-flex-align-items-flex-start\" style=\"max-width:1560px;margin-left: calc(-4% \/ 2 );margin-right: calc(-4% \/ 2 );\"><div class=\"fusion-layout-column fusion_builder_column fusion-builder-column-0 fusion_builder_column_3_4 3_4 fusion-flex-column fusion-animated\" data-animationType=\"slideInLeft\" data-animationDuration=\"2.0\" data-animationOffset=\"top-into-view\"><div class=\"fusion-column-wrapper fusion-flex-justify-content-flex-start fusion-content-layout-column\" style=\"background-position:left top;background-repeat:no-repeat;-webkit-background-size:cover;-moz-background-size:cover;-o-background-size:cover;background-size:cover;padding: 0px 0px 0px 0px;\"><div ><style>.fusion-body .fusion-button.button-1{border-radius:0px 0px 0px 0px;}<\/style><a class=\"fusion-button button-flat fusion-button-default-size button-default button-1 fusion-button-default-span fusion-button-default-type back-button\" target=\"_self\" onclick=\"history.back(-1)\" style=\"margin-top:20px;\"><span class=\"fusion-button-text\">Retour<\/span><\/a><\/div><\/div><style type=\"text\/css\">.fusion-body .fusion-builder-column-0{width:75% !important;margin-top : 0px;margin-bottom : 0px;}.fusion-builder-column-0 > .fusion-column-wrapper {padding-top : 0px !important;padding-right : 0px !important;margin-right : 2.56%;padding-bottom : 0px !important;padding-left : 0px !important;margin-left : 2.56%;}@media only screen and (max-width:1200px) {.fusion-body .fusion-builder-column-0{width:75% !important;order : 0;}.fusion-builder-column-0 > .fusion-column-wrapper {margin-right : 2.56%;margin-left : 2.56%;}}@media only screen and (max-width:700px) {.fusion-body .fusion-builder-column-0{width:100% !important;order : 0;}.fusion-builder-column-0 > .fusion-column-wrapper {margin-right : 1.92%;margin-left : 1.92%;}}<\/style><\/div><\/div><style type=\"text\/css\">.fusion-body .fusion-flex-container.fusion-builder-row-1{ padding-top : 0px;margin-top : 60px;padding-right : 0px;padding-bottom : 0px;margin-bottom : 0px;padding-left : 0px;}<\/style><\/div><div class=\"fusion-fullwidth fullwidth-box fusion-builder-row-2 fusion-flex-container nonhundred-percent-fullwidth non-hundred-percent-height-scrolling\" style=\"background-color: rgba(255,255,255,0);background-position: center center;background-repeat: no-repeat;border-width: 0px 0px 0px 0px;border-color:var(--awb-color3);border-style:solid;\" ><div class=\"fusion-builder-row fusion-row fusion-flex-align-items-flex-start\" style=\"max-width:1560px;margin-left: calc(-4% \/ 2 );margin-right: calc(-4% \/ 2 );\"><div class=\"fusion-layout-column fusion_builder_column fusion-builder-column-1 fusion_builder_column_1_1 1_1 fusion-flex-column fusion-animated\" data-animationType=\"fadeInUp\" data-animationDuration=\"2.0\" data-animationOffset=\"top-into-view\"><div class=\"fusion-column-wrapper fusion-flex-justify-content-flex-start fusion-content-layout-column\" style=\"background-position:left top;background-repeat:no-repeat;-webkit-background-size:cover;-moz-background-size:cover;-o-background-size:cover;background-size:cover;padding: 0px 0px 0px 0px;\"><style>\/*  div wrapped around entire staff list  *\/\r\n    div.staff-member-listing {\r\n}\r\n\/*  div wrapped around each staff member  *\/\r\ndiv.staff-member {\r\n    padding-bottom: 2em;\r\n    border-bottom: thin dotted #aaa;\r\n}\r\n\/*  Even staff member  *\/\r\ndiv.staff-member.even {\r\n}\r\n\/*  Odd staff member  *\/\r\ndiv.staff-member.odd {\r\n    margin-top: 2em;\r\n}\r\n\/*  Last staff member  *\/\r\ndiv.staff-member.last {\r\n    padding-bottom: 0;\r\n    border: none;\r\n}\r\n\/*  Wrap around staff info  *\/\r\n.staff-member-info-wrap {\r\n    float: left;\r\n    width: 70%;\r\n    margin-left: 3%;\r\n}\r\n\/*  [staff-bio-formatted]  *\/\r\ndiv.staff-member-bio {\r\n}\r\n\/*  p tags within [staff-bio-formatted]  *\/\r\ndiv.staff-member-bio p {\r\n}\r\n\/*  [staff-photo]  *\/\r\nimg.staff-member-photo {\r\n    float: left;\r\n}\r\n\/*  [staff-email-link]  *\/\r\n.staff-member-email {\r\n}\r\n\/*  [staff-name-formatted]  *\/\r\ndiv.staff-member-listing h3.staff-member-name {\r\n    margin: 0;\r\n}\r\n\/*  [staff-position-formatted]  *\/\r\ndiv.staff-member-listing h4.staff-member-position {\r\n    margin: 0;\r\n    font-style: italic;\r\n}\r\n\/* Clearfix for div.staff-member *\/\r\ndiv.staff-member:after {\r\n    content: &quot;&quot;;\r\n    display: block;\r\n    clear: both;\r\n}\r\n\/* Clearfix for &lt;= IE7 *\/\r\n* html div.staff-member { height: 1%; }\r\ndiv.staff-member { display: block; }\r\n<\/style><div class=\"staff-member-listing \"><div class=\"staff-member even  last\">\r\n    <img decoding=\"async\" class=\"staff-member-photo\" src=\"https:\/\/equiton.com\/wp-content\/uploads\/2022\/06\/Bill-Zigomanis-2023.jpg\" alt=\"Bill Zigomanis : Membre ind\u00e9pendant du conseil d\u2019administration\">\r\n    <div class=\"staff-member-info-wrap\">\r\n        <h1> Bill Zigomanis <\/h1>\r\n        <h4 class=\"staff-member-position\">Membre ind\u00e9pendant du conseil d\u2019administration<\/h4>\r\n        <div class=\"staff-member-bio\"><p>Bill Zigomanis est un dirigeant ayant de l'exp\u00e9rience dans les secteurs des services bancaires d'investissement, des pr\u00eats aux grandes entreprises, de la gestion des risques et du d\u00e9veloppement et de la gestion de logements locatifs. \u00c0 titre de vice-pr\u00e9sident des placements de Boardwalk Real Estate Investment Trust au cours des huit derni\u00e8res ann\u00e9es, Bill a fait la promotion de Boardwalk en tant que locateur et d\u00e9tenteur d\u2019actions de premier ordre au sein de la communaut\u00e9 des banques d\u2019investissement.<\/p>\n<p>Auparavant, il a travaill\u00e9 pour le Groupe Financier de la Banque TD \u00e0 titre de vice-pr\u00e9sident associ\u00e9 aux hypoth\u00e8ques r\u00e9sidentielles pour logements multiples, o\u00f9 il \u00e9tait responsable du rendement de ce service. Lors de son passage \u00e0 ce poste, il a b\u00e2ti le plus important portefeuille de pr\u00eats hypoth\u00e9caires multifamiliaux au Canada et a accru le nombre de nouveaux montages d'affaires et la rentabilit\u00e9 qui en d\u00e9coulait. Il compte \u00e9galement plus de 25 ann\u00e9es d'exp\u00e9rience dans le cadre du programme d'assurance de la Soci\u00e9t\u00e9 canadienne d\u2019hypoth\u00e8ques et de logement.<\/p>\n<p>Pendant 14 ans, Bill a \u00e9t\u00e9 pr\u00e9sident et membre du conseil d\u2019administration de la Federation of Rental-housing Providers of Ontario, la plus grande association de gestion immobili\u00e8re en Ontario repr\u00e9sentant plus de 2 200 membres qui poss\u00e8dent et g\u00e8rent plus de 350 000 unit\u00e9s locatives.<\/p>\n<p>Il d\u00e9tient un dipl\u00f4me en administration des affaires (marketing) du Coll\u00e8ge Centennial. Il est membre de l\u2019Institut des banquiers canadiens (Universit\u00e9 de Toronto) et dipl\u00f4m\u00e9 de la TD Leadership Academy de la Ivey Business School de l\u2019Universit\u00e9 Western.<\/p>\n<\/div>\r\n        \r\n    <\/div>\r\n<\/div> <!-- Close staff-member --><\/div> <!-- Close staff-member-listing --><\/div><style type=\"text\/css\">.fusion-body .fusion-builder-column-1{width:100% !important;margin-top : 0px;margin-bottom : 20px;}.fusion-builder-column-1 > .fusion-column-wrapper {padding-top : 0px !important;padding-right : 0px !important;margin-right : 1.92%;padding-bottom : 0px !important;padding-left : 0px !important;margin-left : 100px;}@media only screen and (max-width:1200px) {.fusion-body .fusion-builder-column-1{width:100% !important;order : 0;}.fusion-builder-column-1 > .fusion-column-wrapper {margin-right : 1.92%;margin-left : 100px;}}@media only screen and (max-width:700px) {.fusion-body .fusion-builder-column-1{width:100% !important;order : 0;}.fusion-builder-column-1 > .fusion-column-wrapper {margin-right : 1.92%;margin-left : 1.92%;}}<\/style><\/div><\/div><style type=\"text\/css\">.fusion-body .fusion-flex-container.fusion-builder-row-2{ padding-top : 0px;margin-top : 60px;padding-right : 0px;padding-bottom : 0px;margin-bottom : 0px;padding-left : 0px;}<\/style><\/div><\/p>\n","protected":false},"excerpt":{"rendered":"","protected":false},"author":6,"featured_media":0,"parent":14497,"menu_order":0,"comment_status":"closed","ping_status":"closed","template":"100-width.php","meta":{"_acf_changed":false,"inline_featured_image":false,"footnotes":"","_links_to":"","_links_to_target":""},"class_list":["post-17454","page","type-page","status-publish","hentry"],"acf":[],"yoast_head":"<!-- This site is optimized with the Yoast SEO Premium plugin v24.3 (Yoast SEO v24.3) - https:\/\/yoast.com\/wordpress\/plugins\/seo\/ -->\n<title>Bill Zigomanis - Equiton<\/title>\n<meta name=\"description\" content=\"Bill Zigomanis est un dirigeant ayant de l\u2019exp\u00e9rience dans les secteurs des services bancaires d\u2019investissement, des pr\u00eats aux grandes entreprises, de la gestion des risques et du d\u00e9veloppement de logements locatifs.\" \/>\n<meta name=\"robots\" content=\"index, follow, max-snippet:-1, max-image-preview:large, max-video-preview:-1\" \/>\n<link rel=\"canonical\" href=\"\/fr\/conseillers\/a-propos-dequiton\/equipes\/bio\/bill-zigomanis\/\" \/>\n<meta property=\"og:locale\" content=\"fr_CA\" \/>\n<meta property=\"og:type\" content=\"article\" \/>\n<meta property=\"og:title\" content=\"Bill Zigomanis\" \/>\n<meta property=\"og:description\" content=\"Bill Zigomanis est un dirigeant ayant de l\u2019exp\u00e9rience dans les secteurs des services bancaires d\u2019investissement, des pr\u00eats aux grandes entreprises, de la gestion des risques et du d\u00e9veloppement de logements locatifs.\" \/>\n<meta property=\"og:url\" content=\"\/fr\/conseillers\/a-propos-dequiton\/equipes\/bio\/bill-zigomanis\/\" \/>\n<meta property=\"og:site_name\" content=\"Equiton\" \/>\n<meta property=\"article:publisher\" content=\"https:\/\/www.facebook.com\/equitoninc\" \/>\n<meta property=\"article:modified_time\" content=\"2022-12-01T16:32:43+00:00\" \/>\n<meta name=\"twitter:card\" content=\"summary_large_image\" \/>\n<meta name=\"twitter:label1\" content=\"Estimation du temps de lecture\" \/>\n\t<meta name=\"twitter:data1\" content=\"7 minutes\" \/>\n<script type=\"application\/ld+json\" class=\"yoast-schema-graph\">{\"@context\":\"https:\/\/schema.org\",\"@graph\":[{\"@type\":\"WebPage\",\"@id\":\"https:\/\/equiton.com\/fr\/investisseurs-institutionnels\/a-propos-dequiton\/equipes\/bio\/bill-zigomanis\/\",\"url\":\"\/fr\/conseillers\/a-propos-dequiton\/equipes\/bio\/bill-zigomanis\/\",\"name\":\"Bill Zigomanis - Equiton\",\"isPartOf\":{\"@id\":\"https:\/\/fr.equiton.com\/fr\/#website\"},\"datePublished\":\"2022-08-08T17:59:59+00:00\",\"dateModified\":\"2022-12-01T16:32:43+00:00\",\"description\":\"Bill Zigomanis est un dirigeant ayant de l\u2019exp\u00e9rience dans les secteurs des services bancaires d\u2019investissement, des pr\u00eats aux grandes entreprises, de la gestion des risques et du d\u00e9veloppement de logements locatifs.\",\"breadcrumb\":{\"@id\":\"\/fr\/conseillers\/a-propos-dequiton\/equipes\/bio\/bill-zigomanis\/#breadcrumb\"},\"inLanguage\":\"fr-CA\",\"potentialAction\":[{\"@type\":\"ReadAction\",\"target\":[\"\/fr\/conseillers\/a-propos-dequiton\/equipes\/bio\/bill-zigomanis\/\"]}]},{\"@type\":\"BreadcrumbList\",\"@id\":\"\/fr\/conseillers\/a-propos-dequiton\/equipes\/bio\/bill-zigomanis\/#breadcrumb\",\"itemListElement\":[{\"@type\":\"ListItem\",\"position\":1,\"name\":\"Home\",\"item\":\"https:\/\/fr.equiton.com\/fr\/\"},{\"@type\":\"ListItem\",\"position\":2,\"name\":\"Investisseurs Institutionnels\",\"item\":\"https:\/\/equiton.com\/fr\/investisseurs-institutionnels\/\"},{\"@type\":\"ListItem\",\"position\":3,\"name\":\"\u00c0 propos d&rsquo;Equiton\",\"item\":\"https:\/\/equiton.com\/fr\/investisseurs-institutionnels\/a-propos-dequiton\/\"},{\"@type\":\"ListItem\",\"position\":4,\"name\":\"\u00c9quipes\",\"item\":\"https:\/\/equiton.com\/fr\/investisseurs-institutionnels\/a-propos-dequiton\/equipes\/\"},{\"@type\":\"ListItem\",\"position\":5,\"name\":\"Bio\",\"item\":\"https:\/\/equiton.com\/fr\/investisseurs-institutionnels\/a-propos-dequiton\/equipes\/bio\/\"},{\"@type\":\"ListItem\",\"position\":6,\"name\":\"Bill Zigomanis\"}]},{\"@type\":\"WebSite\",\"@id\":\"https:\/\/fr.equiton.com\/fr\/#website\",\"url\":\"https:\/\/fr.equiton.com\/fr\/\",\"name\":\"Equiton\",\"description\":\"\",\"publisher\":{\"@id\":\"https:\/\/fr.equiton.com\/fr\/#organization\"},\"potentialAction\":[{\"@type\":\"SearchAction\",\"target\":{\"@type\":\"EntryPoint\",\"urlTemplate\":\"https:\/\/fr.equiton.com\/fr\/?s={search_term_string}\"},\"query-input\":{\"@type\":\"PropertyValueSpecification\",\"valueRequired\":true,\"valueName\":\"search_term_string\"}}],\"inLanguage\":\"fr-CA\"},{\"@type\":\"Organization\",\"@id\":\"https:\/\/fr.equiton.com\/fr\/#organization\",\"name\":\"Equiton\",\"url\":\"https:\/\/fr.equiton.com\/fr\/\",\"logo\":{\"@type\":\"ImageObject\",\"inLanguage\":\"fr-CA\",\"@id\":\"https:\/\/fr.equiton.com\/fr\/#\/schema\/logo\/image\/\",\"url\":\"https:\/\/equiton.com\/wp-content\/uploads\/2022\/06\/Equiton-Logo-Placeholder.jpg\",\"contentUrl\":\"https:\/\/equiton.com\/wp-content\/uploads\/2022\/06\/Equiton-Logo-Placeholder.jpg\",\"width\":455,\"height\":312,\"caption\":\"Equiton\"},\"image\":{\"@id\":\"https:\/\/fr.equiton.com\/fr\/#\/schema\/logo\/image\/\"},\"sameAs\":[\"https:\/\/www.facebook.com\/equitoninc\",\"https:\/\/ca.linkedin.com\/company\/equiton-partners\"]}]}<\/script>\n<!-- \/ Yoast SEO Premium plugin. -->","yoast_head_json":{"title":"Bill Zigomanis - Equiton","description":"Bill Zigomanis est un dirigeant ayant de l\u2019exp\u00e9rience dans les secteurs des services bancaires d\u2019investissement, des pr\u00eats aux grandes entreprises, de la gestion des risques et du d\u00e9veloppement de logements locatifs.","robots":{"index":"index","follow":"follow","max-snippet":"max-snippet:-1","max-image-preview":"max-image-preview:large","max-video-preview":"max-video-preview:-1"},"canonical":"\/fr\/conseillers\/a-propos-dequiton\/equipes\/bio\/bill-zigomanis\/","og_locale":"fr_CA","og_type":"article","og_title":"Bill Zigomanis","og_description":"Bill Zigomanis est un dirigeant ayant de l\u2019exp\u00e9rience dans les secteurs des services bancaires d\u2019investissement, des pr\u00eats aux grandes entreprises, de la gestion des risques et du d\u00e9veloppement de logements locatifs.","og_url":"\/fr\/conseillers\/a-propos-dequiton\/equipes\/bio\/bill-zigomanis\/","og_site_name":"Equiton","article_publisher":"https:\/\/www.facebook.com\/equitoninc","article_modified_time":"2022-12-01T16:32:43+00:00","twitter_card":"summary_large_image","twitter_misc":{"Estimation du temps de lecture":"7 minutes"},"schema":{"@context":"https:\/\/schema.org","@graph":[{"@type":"WebPage","@id":"https:\/\/equiton.com\/fr\/investisseurs-institutionnels\/a-propos-dequiton\/equipes\/bio\/bill-zigomanis\/","url":"\/fr\/conseillers\/a-propos-dequiton\/equipes\/bio\/bill-zigomanis\/","name":"Bill Zigomanis - Equiton","isPartOf":{"@id":"https:\/\/fr.equiton.com\/fr\/#website"},"datePublished":"2022-08-08T17:59:59+00:00","dateModified":"2022-12-01T16:32:43+00:00","description":"Bill Zigomanis est un dirigeant ayant de l\u2019exp\u00e9rience dans les secteurs des services bancaires d\u2019investissement, des pr\u00eats aux grandes entreprises, de la gestion des risques et du d\u00e9veloppement de logements locatifs.","breadcrumb":{"@id":"\/fr\/conseillers\/a-propos-dequiton\/equipes\/bio\/bill-zigomanis\/#breadcrumb"},"inLanguage":"fr-CA","potentialAction":[{"@type":"ReadAction","target":["\/fr\/conseillers\/a-propos-dequiton\/equipes\/bio\/bill-zigomanis\/"]}]},{"@type":"BreadcrumbList","@id":"\/fr\/conseillers\/a-propos-dequiton\/equipes\/bio\/bill-zigomanis\/#breadcrumb","itemListElement":[{"@type":"ListItem","position":1,"name":"Home","item":"https:\/\/fr.equiton.com\/fr\/"},{"@type":"ListItem","position":2,"name":"Investisseurs Institutionnels","item":"https:\/\/equiton.com\/fr\/investisseurs-institutionnels\/"},{"@type":"ListItem","position":3,"name":"\u00c0 propos d&rsquo;Equiton","item":"https:\/\/equiton.com\/fr\/investisseurs-institutionnels\/a-propos-dequiton\/"},{"@type":"ListItem","position":4,"name":"\u00c9quipes","item":"https:\/\/equiton.com\/fr\/investisseurs-institutionnels\/a-propos-dequiton\/equipes\/"},{"@type":"ListItem","position":5,"name":"Bio","item":"https:\/\/equiton.com\/fr\/investisseurs-institutionnels\/a-propos-dequiton\/equipes\/bio\/"},{"@type":"ListItem","position":6,"name":"Bill Zigomanis"}]},{"@type":"WebSite","@id":"https:\/\/fr.equiton.com\/fr\/#website","url":"https:\/\/fr.equiton.com\/fr\/","name":"Equiton","description":"","publisher":{"@id":"https:\/\/fr.equiton.com\/fr\/#organization"},"potentialAction":[{"@type":"SearchAction","target":{"@type":"EntryPoint","urlTemplate":"https:\/\/fr.equiton.com\/fr\/?s={search_term_string}"},"query-input":{"@type":"PropertyValueSpecification","valueRequired":true,"valueName":"search_term_string"}}],"inLanguage":"fr-CA"},{"@type":"Organization","@id":"https:\/\/fr.equiton.com\/fr\/#organization","name":"Equiton","url":"https:\/\/fr.equiton.com\/fr\/","logo":{"@type":"ImageObject","inLanguage":"fr-CA","@id":"https:\/\/fr.equiton.com\/fr\/#\/schema\/logo\/image\/","url":"https:\/\/equiton.com\/wp-content\/uploads\/2022\/06\/Equiton-Logo-Placeholder.jpg","contentUrl":"https:\/\/equiton.com\/wp-content\/uploads\/2022\/06\/Equiton-Logo-Placeholder.jpg","width":455,"height":312,"caption":"Equiton"},"image":{"@id":"https:\/\/fr.equiton.com\/fr\/#\/schema\/logo\/image\/"},"sameAs":["https:\/\/www.facebook.com\/equitoninc","https:\/\/ca.linkedin.com\/company\/equiton-partners"]}]}},"_links":{"self":[{"href":"https:\/\/equiton.com\/fr\/wp-json\/wp\/v2\/pages\/17454","targetHints":{"allow":["GET"]}}],"collection":[{"href":"https:\/\/equiton.com\/fr\/wp-json\/wp\/v2\/pages"}],"about":[{"href":"https:\/\/equiton.com\/fr\/wp-json\/wp\/v2\/types\/page"}],"author":[{"embeddable":true,"href":"https:\/\/equiton.com\/fr\/wp-json\/wp\/v2\/users\/6"}],"replies":[{"embeddable":true,"href":"https:\/\/equiton.com\/fr\/wp-json\/wp\/v2\/comments?post=17454"}],"version-history":[{"count":0,"href":"https:\/\/equiton.com\/fr\/wp-json\/wp\/v2\/pages\/17454\/revisions"}],"up":[{"embeddable":true,"href":"https:\/\/equiton.com\/fr\/wp-json\/wp\/v2\/pages\/14497"}],"wp:attachment":[{"href":"https:\/\/equiton.com\/fr\/wp-json\/wp\/v2\/media?parent=17454"}],"curies":[{"name":"wp","href":"https:\/\/api.w.org\/{rel}","templated":true}]}}