{"id":36233,"date":"2023-09-25T13:41:41","date_gmt":"2023-09-25T17:41:41","guid":{"rendered":"https:\/\/equiton.com\/?page_id=36233"},"modified":"2023-09-25T13:42:31","modified_gmt":"2023-09-25T17:42:31","slug":"tony-kim","status":"publish","type":"page","link":"https:\/\/equiton.com\/fr\/conseillers\/a-propos-dequiton\/equipes\/bio\/tony-kim\/","title":{"rendered":"Tony Kim"},"content":{"rendered":"<div class=\"fusion-fullwidth fullwidth-box fusion-builder-row-1 fusion-flex-container nonhundred-percent-fullwidth non-hundred-percent-height-scrolling\" style=\"background-color: rgba(255,255,255,0);background-position: center center;background-repeat: no-repeat;border-width: 0px 0px 0px 0px;border-color:var(--awb-color3);border-style:solid;\" ><div class=\"fusion-builder-row fusion-row fusion-flex-align-items-center fusion-flex-justify-content-center\" style=\"max-width:1560px;margin-left: calc(-4% \/ 2 );margin-right: calc(-4% \/ 2 );\"><div class=\"fusion-layout-column fusion_builder_column fusion-builder-column-0 fusion_builder_column_1_3 1_3 fusion-flex-column fusion-flex-align-self-center\"><div class=\"fusion-column-wrapper fusion-flex-justify-content-center fusion-content-layout-column\" style=\"background-position:left top;background-repeat:no-repeat;-webkit-background-size:cover;-moz-background-size:cover;-o-background-size:cover;background-size:cover;padding: 0px 0px 0px 0px;\"><div ><style>.fusion-body .fusion-button.button-1{border-radius:0px 0px 0px 0px;padding-bottom:-20px;}<\/style><a class=\"fusion-button button-flat fusion-button-default-size button-default button-1 fusion-button-default-span fusion-button-default-type back-button\" target=\"_self\" onclick=\"history.back(-1)\" style=\"margin-top:20px;\"><span class=\"fusion-button-text\">Retour<\/span><\/a><\/div><div class=\"fusion-video fusion-vimeo bio-video\" style=\"max-width:800px;max-height:1200px;align-self:flex-start; width:100%\"><div class=\"video-shortcode\"><iframe title=\"Vimeo video player 1\" src=\"https:\/\/player.vimeo.com\/video\/740034135?autoplay=0&autopause=0\" width=\"800\" height=\"1200\" allowfullscreen allow=\"autoplay; fullscreen\"><\/iframe><\/div><\/div><\/div><style type=\"text\/css\">.fusion-body .fusion-builder-column-0{width:33.333333333333% !important;margin-top : 0px;margin-bottom : 20px;}.fusion-builder-column-0 > .fusion-column-wrapper {padding-top : 0px !important;padding-right : 0px !important;margin-right : 5.76%;padding-bottom : 0px !important;padding-left : 0px !important;margin-left : 5.76%;}@media only screen and (max-width:1200px) {.fusion-body .fusion-builder-column-0{width:33.333333333333% !important;order : 0;}.fusion-builder-column-0 > .fusion-column-wrapper {margin-right : 5.76%;margin-left : 5.76%;}}@media only screen and (max-width:700px) {.fusion-body .fusion-builder-column-0{width:100% !important;order : 0;}.fusion-builder-column-0 > .fusion-column-wrapper {margin-right : 1.92%;margin-left : 1.92%;}}<\/style><\/div><div class=\"fusion-layout-column fusion_builder_column fusion-builder-column-1 fusion_builder_column_3_5 3_5 fusion-flex-column\"><div class=\"fusion-column-wrapper fusion-flex-justify-content-flex-start fusion-content-layout-column\" style=\"background-position:left top;background-repeat:no-repeat;-webkit-background-size:cover;-moz-background-size:cover;-o-background-size:cover;background-size:cover;padding: 0px 0px 0px 0px;\"><style type=\"text\/css\">@media only screen and (max-width:1200px) {.fusion-title.fusion-title-1{margin-top:10px!important; margin-right:0px!important;margin-bottom:-10px!important;margin-left:0px!important;}}@media only screen and (max-width:700px) {.fusion-title.fusion-title-1{margin-top:10px!important; margin-right:0px!important;margin-bottom:10px!important; margin-left:0px!important;}}<\/style><div class=\"fusion-title title fusion-title-1 fusion-sep-none fusion-title-text fusion-title-size-one\" style=\"margin-top:10px;margin-right:0px;margin-bottom:-10px;margin-left:0px;\"><h1 class=\"title-heading-left\" style=\"margin:0;\"><h1>Tony Kim<\/h1><\/h1><\/div><div class=\"fusion-text fusion-text-1\"><h3 style=\"font-size: 25px;\"><em>Vice-pr\u00e9sident du d\u00e9veloppement des affaires, communaut\u00e9 des conseillers<\/em><\/h3>\n<\/div><div class=\"fusion-separator fusion-full-width-sep\" style=\"align-self: center;margin-left: auto;margin-right: auto;margin-top:-5px;margin-bottom:5px;width:100%;\"><\/div><div ><style>.fusion-body .fusion-button.button-2{border-radius:0px 0px 0px 0px;padding-top:10px;padding-bottom:10px;}<\/style><a class=\"fusion-button button-flat fusion-button-default-size button-default button-2 fusion-button-default-span fusion-button-default-type\" target=\"_blank\" rel=\"noopener noreferrer\" href=\"https:\/\/outlook.office365.com\/book\/TonyKimEquitonCalendar@equitonpartners.com\/?\"><span class=\"fusion-button-text\">Prenez rendez-vous<\/span><\/a><\/div><div class=\"fusion-separator fusion-full-width-sep\" style=\"align-self: center;margin-left: auto;margin-right: auto;margin-top:10px;margin-bottom:10px;width:100%;\"><\/div><div ><style>.fusion-body .fusion-button.button-3{border-radius:0px 0px 0px 0px;padding-bottom:10px;}<\/style><a class=\"fusion-button button-flat fusion-button-default-size button-default button-3 fusion-button-default-span fusion-button-default-type\" target=\"_self\" href=\"mailto:tkims@equiton.com\"><span class=\"fusion-button-text\">Contactez Tony<\/span><\/a><\/div><div class=\"fusion-separator fusion-full-width-sep\" style=\"align-self: center;margin-left: auto;margin-right: auto;margin-top:10px;margin-bottom:10px;width:100%;\"><\/div><div class=\"fusion-text fusion-text-2\"><p>Tony est un professionnel ax\u00e9 sur les r\u00e9sultats ayant une expertise dans le d\u00e9veloppement des relations, l&rsquo;identification des tendances et la d\u00e9couverte des meilleures occasions d&rsquo;investissement pour ses clients.<\/p>\n<p>Titulaire d\u2019une ma\u00eetrise en finances de l\u2019Universit\u00e9 Queen, Tony excelle dans l\u2019\u00e9laboration de mod\u00e8les de projection financi\u00e8re personnalis\u00e9s et a acquis la r\u00e9putation de concevoir des strat\u00e9gies uniques et rentables d\u2019augmentation des revenus. Il met \u00e0 profit ses comp\u00e9tences analytiques en tant que comptable professionnel agr\u00e9\u00e9 (CPA) pour identifier les occasions cl\u00e9s tout en maintenant un haut niveau de qualit\u00e9 dans ses relations avec les clients.<\/p>\n<p>En tant que vice-pr\u00e9sident du d\u00e9veloppement des affaires, Tony est responsable du d\u00e9veloppement des affaires et des relations avec les investisseurs dans l&rsquo;ensemble de la communaut\u00e9 des conseillers en placement et est fier d&rsquo;offrir des solutions de capital-investissement uniques qui peuvent offrir des rendements sup\u00e9rieurs.<\/p>\n<\/div><\/div><style type=\"text\/css\">.fusion-body .fusion-builder-column-1{width:60% !important;margin-top : 0px;margin-bottom : 20px;}.fusion-builder-column-1 > .fusion-column-wrapper {padding-top : 0px !important;padding-right : 0px !important;margin-right : 3.2%;padding-bottom : 0px !important;padding-left : 0px !important;margin-left : 3.2%;}@media only screen and (max-width:1200px) {.fusion-body .fusion-builder-column-1{width:60% !important;order : 0;}.fusion-builder-column-1 > .fusion-column-wrapper {margin-right : 3.2%;margin-left : 3.2%;}}@media only screen and (max-width:700px) {.fusion-body .fusion-builder-column-1{width:100% !important;order : 0;}.fusion-builder-column-1 > .fusion-column-wrapper {margin-right : 1.92%;margin-left : 1.92%;}}<\/style><\/div><\/div><style type=\"text\/css\">.fusion-body .fusion-flex-container.fusion-builder-row-1{ padding-top : 0px;margin-top : 0px;padding-right : 0px;padding-bottom : 0px;margin-bottom : 0px;padding-left : 0px;}<\/style><\/div>\n","protected":false},"excerpt":{"rendered":"","protected":false},"author":6,"featured_media":0,"parent":14498,"menu_order":0,"comment_status":"closed","ping_status":"closed","template":"","meta":{"_acf_changed":false,"inline_featured_image":false,"footnotes":"","_links_to":"","_links_to_target":""},"class_list":["post-36233","page","type-page","status-publish","hentry"],"acf":[],"yoast_head":"<!-- This site is optimized with the Yoast SEO Premium plugin v24.3 (Yoast SEO v24.3) - https:\/\/yoast.com\/wordpress\/plugins\/seo\/ -->\n<title>Tony Kim<\/title>\n<meta name=\"robots\" content=\"index, follow, max-snippet:-1, max-image-preview:large, max-video-preview:-1\" \/>\n<link rel=\"canonical\" href=\"https:\/\/equiton.com\/fr\/conseillers\/a-propos-dequiton\/equipes\/bio\/tony-kim\/\" \/>\n<meta property=\"og:locale\" content=\"fr_CA\" \/>\n<meta property=\"og:type\" content=\"article\" \/>\n<meta property=\"og:title\" content=\"Tony Kim\" \/>\n<meta property=\"og:url\" content=\"https:\/\/equiton.com\/fr\/conseillers\/a-propos-dequiton\/equipes\/bio\/tony-kim\/\" \/>\n<meta property=\"og:site_name\" content=\"Equiton\" \/>\n<meta property=\"article:publisher\" content=\"https:\/\/www.facebook.com\/equitoninc\" \/>\n<meta property=\"article:modified_time\" content=\"2023-09-25T17:42:31+00:00\" \/>\n<meta name=\"twitter:card\" content=\"summary_large_image\" \/>\n<meta name=\"twitter:label1\" content=\"Estimation du temps de lecture\" \/>\n\t<meta name=\"twitter:data1\" content=\"10 minutes\" \/>\n<script type=\"application\/ld+json\" class=\"yoast-schema-graph\">{\"@context\":\"https:\/\/schema.org\",\"@graph\":[{\"@type\":\"WebPage\",\"@id\":\"https:\/\/equiton.com\/fr\/conseillers\/a-propos-dequiton\/equipes\/bio\/tony-kim\/\",\"url\":\"https:\/\/equiton.com\/fr\/conseillers\/a-propos-dequiton\/equipes\/bio\/tony-kim\/\",\"name\":\"Tony Kim\",\"isPartOf\":{\"@id\":\"https:\/\/fr.equiton.com\/fr\/#website\"},\"datePublished\":\"2023-09-25T17:41:41+00:00\",\"dateModified\":\"2023-09-25T17:42:31+00:00\",\"breadcrumb\":{\"@id\":\"https:\/\/equiton.com\/fr\/conseillers\/a-propos-dequiton\/equipes\/bio\/tony-kim\/#breadcrumb\"},\"inLanguage\":\"fr-CA\",\"potentialAction\":[{\"@type\":\"ReadAction\",\"target\":[\"https:\/\/equiton.com\/fr\/conseillers\/a-propos-dequiton\/equipes\/bio\/tony-kim\/\"]}]},{\"@type\":\"BreadcrumbList\",\"@id\":\"https:\/\/equiton.com\/fr\/conseillers\/a-propos-dequiton\/equipes\/bio\/tony-kim\/#breadcrumb\",\"itemListElement\":[{\"@type\":\"ListItem\",\"position\":1,\"name\":\"Home\",\"item\":\"https:\/\/fr.equiton.com\/fr\/\"},{\"@type\":\"ListItem\",\"position\":2,\"name\":\"Advisors\",\"item\":\"https:\/\/equiton.com\/fr\/conseillers\/\"},{\"@type\":\"ListItem\",\"position\":3,\"name\":\"\u00c0 propos d&rsquo;Equiton\",\"item\":\"https:\/\/equiton.com\/fr\/conseillers\/a-propos-dequiton\/\"},{\"@type\":\"ListItem\",\"position\":4,\"name\":\"\u00c9quipes\",\"item\":\"https:\/\/equiton.com\/fr\/conseillers\/a-propos-dequiton\/equipes\/\"},{\"@type\":\"ListItem\",\"position\":5,\"name\":\"Bio\",\"item\":\"https:\/\/equiton.com\/fr\/conseillers\/a-propos-dequiton\/equipes\/bio\/\"},{\"@type\":\"ListItem\",\"position\":6,\"name\":\"Tony Kim\"}]},{\"@type\":\"WebSite\",\"@id\":\"https:\/\/fr.equiton.com\/fr\/#website\",\"url\":\"https:\/\/fr.equiton.com\/fr\/\",\"name\":\"Equiton\",\"description\":\"\",\"publisher\":{\"@id\":\"https:\/\/fr.equiton.com\/fr\/#organization\"},\"potentialAction\":[{\"@type\":\"SearchAction\",\"target\":{\"@type\":\"EntryPoint\",\"urlTemplate\":\"https:\/\/fr.equiton.com\/fr\/?s={search_term_string}\"},\"query-input\":{\"@type\":\"PropertyValueSpecification\",\"valueRequired\":true,\"valueName\":\"search_term_string\"}}],\"inLanguage\":\"fr-CA\"},{\"@type\":\"Organization\",\"@id\":\"https:\/\/fr.equiton.com\/fr\/#organization\",\"name\":\"Equiton\",\"url\":\"https:\/\/fr.equiton.com\/fr\/\",\"logo\":{\"@type\":\"ImageObject\",\"inLanguage\":\"fr-CA\",\"@id\":\"https:\/\/fr.equiton.com\/fr\/#\/schema\/logo\/image\/\",\"url\":\"https:\/\/equiton.com\/wp-content\/uploads\/2022\/06\/Equiton-Logo-Placeholder.jpg\",\"contentUrl\":\"https:\/\/equiton.com\/wp-content\/uploads\/2022\/06\/Equiton-Logo-Placeholder.jpg\",\"width\":455,\"height\":312,\"caption\":\"Equiton\"},\"image\":{\"@id\":\"https:\/\/fr.equiton.com\/fr\/#\/schema\/logo\/image\/\"},\"sameAs\":[\"https:\/\/www.facebook.com\/equitoninc\",\"https:\/\/ca.linkedin.com\/company\/equiton-partners\"]}]}<\/script>\n<!-- \/ Yoast SEO Premium plugin. -->","yoast_head_json":{"title":"Tony Kim","robots":{"index":"index","follow":"follow","max-snippet":"max-snippet:-1","max-image-preview":"max-image-preview:large","max-video-preview":"max-video-preview:-1"},"canonical":"https:\/\/equiton.com\/fr\/conseillers\/a-propos-dequiton\/equipes\/bio\/tony-kim\/","og_locale":"fr_CA","og_type":"article","og_title":"Tony Kim","og_url":"https:\/\/equiton.com\/fr\/conseillers\/a-propos-dequiton\/equipes\/bio\/tony-kim\/","og_site_name":"Equiton","article_publisher":"https:\/\/www.facebook.com\/equitoninc","article_modified_time":"2023-09-25T17:42:31+00:00","twitter_card":"summary_large_image","twitter_misc":{"Estimation du temps de lecture":"10 minutes"},"schema":{"@context":"https:\/\/schema.org","@graph":[{"@type":"WebPage","@id":"https:\/\/equiton.com\/fr\/conseillers\/a-propos-dequiton\/equipes\/bio\/tony-kim\/","url":"https:\/\/equiton.com\/fr\/conseillers\/a-propos-dequiton\/equipes\/bio\/tony-kim\/","name":"Tony Kim","isPartOf":{"@id":"https:\/\/fr.equiton.com\/fr\/#website"},"datePublished":"2023-09-25T17:41:41+00:00","dateModified":"2023-09-25T17:42:31+00:00","breadcrumb":{"@id":"https:\/\/equiton.com\/fr\/conseillers\/a-propos-dequiton\/equipes\/bio\/tony-kim\/#breadcrumb"},"inLanguage":"fr-CA","potentialAction":[{"@type":"ReadAction","target":["https:\/\/equiton.com\/fr\/conseillers\/a-propos-dequiton\/equipes\/bio\/tony-kim\/"]}]},{"@type":"BreadcrumbList","@id":"https:\/\/equiton.com\/fr\/conseillers\/a-propos-dequiton\/equipes\/bio\/tony-kim\/#breadcrumb","itemListElement":[{"@type":"ListItem","position":1,"name":"Home","item":"https:\/\/fr.equiton.com\/fr\/"},{"@type":"ListItem","position":2,"name":"Advisors","item":"https:\/\/equiton.com\/fr\/conseillers\/"},{"@type":"ListItem","position":3,"name":"\u00c0 propos d&rsquo;Equiton","item":"https:\/\/equiton.com\/fr\/conseillers\/a-propos-dequiton\/"},{"@type":"ListItem","position":4,"name":"\u00c9quipes","item":"https:\/\/equiton.com\/fr\/conseillers\/a-propos-dequiton\/equipes\/"},{"@type":"ListItem","position":5,"name":"Bio","item":"https:\/\/equiton.com\/fr\/conseillers\/a-propos-dequiton\/equipes\/bio\/"},{"@type":"ListItem","position":6,"name":"Tony Kim"}]},{"@type":"WebSite","@id":"https:\/\/fr.equiton.com\/fr\/#website","url":"https:\/\/fr.equiton.com\/fr\/","name":"Equiton","description":"","publisher":{"@id":"https:\/\/fr.equiton.com\/fr\/#organization"},"potentialAction":[{"@type":"SearchAction","target":{"@type":"EntryPoint","urlTemplate":"https:\/\/fr.equiton.com\/fr\/?s={search_term_string}"},"query-input":{"@type":"PropertyValueSpecification","valueRequired":true,"valueName":"search_term_string"}}],"inLanguage":"fr-CA"},{"@type":"Organization","@id":"https:\/\/fr.equiton.com\/fr\/#organization","name":"Equiton","url":"https:\/\/fr.equiton.com\/fr\/","logo":{"@type":"ImageObject","inLanguage":"fr-CA","@id":"https:\/\/fr.equiton.com\/fr\/#\/schema\/logo\/image\/","url":"https:\/\/equiton.com\/wp-content\/uploads\/2022\/06\/Equiton-Logo-Placeholder.jpg","contentUrl":"https:\/\/equiton.com\/wp-content\/uploads\/2022\/06\/Equiton-Logo-Placeholder.jpg","width":455,"height":312,"caption":"Equiton"},"image":{"@id":"https:\/\/fr.equiton.com\/fr\/#\/schema\/logo\/image\/"},"sameAs":["https:\/\/www.facebook.com\/equitoninc","https:\/\/ca.linkedin.com\/company\/equiton-partners"]}]}},"_links":{"self":[{"href":"https:\/\/equiton.com\/fr\/wp-json\/wp\/v2\/pages\/36233","targetHints":{"allow":["GET"]}}],"collection":[{"href":"https:\/\/equiton.com\/fr\/wp-json\/wp\/v2\/pages"}],"about":[{"href":"https:\/\/equiton.com\/fr\/wp-json\/wp\/v2\/types\/page"}],"author":[{"embeddable":true,"href":"https:\/\/equiton.com\/fr\/wp-json\/wp\/v2\/users\/6"}],"replies":[{"embeddable":true,"href":"https:\/\/equiton.com\/fr\/wp-json\/wp\/v2\/comments?post=36233"}],"version-history":[{"count":0,"href":"https:\/\/equiton.com\/fr\/wp-json\/wp\/v2\/pages\/36233\/revisions"}],"up":[{"embeddable":true,"href":"https:\/\/equiton.com\/fr\/wp-json\/wp\/v2\/pages\/14498"}],"wp:attachment":[{"href":"https:\/\/equiton.com\/fr\/wp-json\/wp\/v2\/media?parent=36233"}],"curies":[{"name":"wp","href":"https:\/\/api.w.org\/{rel}","templated":true}]}}