{"id":54052,"date":"2024-08-23T15:29:01","date_gmt":"2024-08-23T19:29:01","guid":{"rendered":"https:\/\/equiton.com\/kimberley-crescini\/"},"modified":"2024-08-23T15:32:04","modified_gmt":"2024-08-23T19:32:04","slug":"kimberley-crescini","status":"publish","type":"page","link":"https:\/\/equiton.com\/fr\/investisseurs-individuels\/a-propos-dequiton\/equipes\/bio\/kimberley-crescini\/","title":{"rendered":"Kimberley Crescini"},"content":{"rendered":"<p><div class=\"fusion-fullwidth fullwidth-box fusion-builder-row-1 fusion-flex-container nonhundred-percent-fullwidth non-hundred-percent-height-scrolling\" style=\"background-color: rgba(255,255,255,0);background-position: center center;background-repeat: no-repeat;border-width: 0px 0px 0px 0px;border-color:var(--awb-color3);border-style:solid;\" ><div class=\"fusion-builder-row fusion-row fusion-flex-align-items-flex-start\" style=\"max-width:1560px;margin-left: calc(-4% \/ 2 );margin-right: calc(-4% \/ 2 );\"><div class=\"fusion-layout-column fusion_builder_column fusion-builder-column-0 fusion_builder_column_3_4 3_4 fusion-flex-column fusion-animated\" data-animationType=\"slideInLeft\" data-animationDuration=\"2.0\" data-animationOffset=\"top-into-view\"><div class=\"fusion-column-wrapper fusion-flex-justify-content-flex-start fusion-content-layout-column\" style=\"background-position:left top;background-repeat:no-repeat;-webkit-background-size:cover;-moz-background-size:cover;-o-background-size:cover;background-size:cover;padding: 0px 0px 0px 0px;\"><div ><style>.fusion-body .fusion-button.button-1{border-radius:0px 0px 0px 0px;}<\/style><a class=\"fusion-button button-flat fusion-button-default-size button-default button-1 fusion-button-default-span fusion-button-default-type back-button\" target=\"_self\" onclick=\"history.back(-1)\" style=\"margin-top:20px;\"><span class=\"fusion-button-text\">Retour<\/span><\/a><\/div><\/div><style type=\"text\/css\">.fusion-body .fusion-builder-column-0{width:75% !important;margin-top : 0px;margin-bottom : 0px;}.fusion-builder-column-0 > .fusion-column-wrapper {padding-top : 0px !important;padding-right : 0px !important;margin-right : 2.56%;padding-bottom : 0px !important;padding-left : 0px !important;margin-left : 2.56%;}@media only screen and (max-width:1200px) {.fusion-body .fusion-builder-column-0{width:75% !important;order : 0;}.fusion-builder-column-0 > .fusion-column-wrapper {margin-right : 2.56%;margin-left : 2.56%;}}@media only screen and (max-width:700px) {.fusion-body .fusion-builder-column-0{width:100% !important;order : 0;}.fusion-builder-column-0 > .fusion-column-wrapper {margin-right : 1.92%;margin-left : 1.92%;}}<\/style><\/div><\/div><style type=\"text\/css\">.fusion-body .fusion-flex-container.fusion-builder-row-1{ padding-top : 0px;margin-top : 60px;padding-right : 0px;padding-bottom : 0px;margin-bottom : 0px;padding-left : 0px;}<\/style><\/div><div class=\"fusion-fullwidth fullwidth-box fusion-builder-row-2 fusion-flex-container nonhundred-percent-fullwidth non-hundred-percent-height-scrolling\" style=\"background-color: rgba(255,255,255,0);background-position: center center;background-repeat: no-repeat;border-width: 0px 0px 0px 0px;border-color:var(--awb-color3);border-style:solid;\" ><div class=\"fusion-builder-row fusion-row fusion-flex-align-items-flex-start\" style=\"max-width:1560px;margin-left: calc(-4% \/ 2 );margin-right: calc(-4% \/ 2 );\"><div class=\"fusion-layout-column fusion_builder_column fusion-builder-column-1 fusion_builder_column_1_1 1_1 fusion-flex-column fusion-animated\" data-animationType=\"fadeInUp\" data-animationDuration=\"2.0\" data-animationOffset=\"top-into-view\"><div class=\"fusion-column-wrapper fusion-flex-justify-content-flex-start fusion-content-layout-column\" style=\"background-position:left top;background-repeat:no-repeat;-webkit-background-size:cover;-moz-background-size:cover;-o-background-size:cover;background-size:cover;padding: 0px 0px 0px 0px;\"><style>\/*  div wrapped around entire staff list  *\/\r\n    div.staff-member-listing {\r\n}\r\n\/*  div wrapped around each staff member  *\/\r\ndiv.staff-member {\r\n    padding-bottom: 2em;\r\n    border-bottom: thin dotted #aaa;\r\n}\r\n\/*  Even staff member  *\/\r\ndiv.staff-member.even {\r\n}\r\n\/*  Odd staff member  *\/\r\ndiv.staff-member.odd {\r\n    margin-top: 2em;\r\n}\r\n\/*  Last staff member  *\/\r\ndiv.staff-member.last {\r\n    padding-bottom: 0;\r\n    border: none;\r\n}\r\n\/*  Wrap around staff info  *\/\r\n.staff-member-info-wrap {\r\n    float: left;\r\n    width: 70%;\r\n    margin-left: 3%;\r\n}\r\n\/*  [staff-bio-formatted]  *\/\r\ndiv.staff-member-bio {\r\n}\r\n\/*  p tags within [staff-bio-formatted]  *\/\r\ndiv.staff-member-bio p {\r\n}\r\n\/*  [staff-photo]  *\/\r\nimg.staff-member-photo {\r\n    float: left;\r\n}\r\n\/*  [staff-email-link]  *\/\r\n.staff-member-email {\r\n}\r\n\/*  [staff-name-formatted]  *\/\r\ndiv.staff-member-listing h3.staff-member-name {\r\n    margin: 0;\r\n}\r\n\/*  [staff-position-formatted]  *\/\r\ndiv.staff-member-listing h4.staff-member-position {\r\n    margin: 0;\r\n    font-style: italic;\r\n}\r\n\/* Clearfix for div.staff-member *\/\r\ndiv.staff-member:after {\r\n    content: &quot;&quot;;\r\n    display: block;\r\n    clear: both;\r\n}\r\n\/* Clearfix for &lt;= IE7 *\/\r\n* html div.staff-member { height: 1%; }\r\ndiv.staff-member { display: block; }\r\n<\/style><div class=\"staff-member-listing \"><div class=\"staff-member even  last\">\r\n    <img decoding=\"async\" class=\"staff-member-photo\" src=\"https:\/\/equiton.com\/wp-content\/uploads\/2022\/09\/Kimberly_New_Back_V4.webp\" alt=\"Kimberley Crescini : Vice-pr\u00e9sidente, Ventes et marketing\">\r\n    <div class=\"staff-member-info-wrap\">\r\n        <h1> Kimberley Crescini <\/h1>\r\n        <h4 class=\"staff-member-position\">Vice-pr\u00e9sidente, Ventes et marketing<\/h4>\r\n        <div class=\"staff-member-bio\"><p>Kimberley Crescini s'est impos\u00e9e dans le secteur de l'immobilier en tant que leader des ventes avant construction. Avec pr\u00e8s de vingt ans d'exp\u00e9rience, elle a organis\u00e9 des \u00e9v\u00e9nements de vente qui ont permis de vendre plus de 10 000 unit\u00e9s pour des promoteurs de premier plan. Son expertise a jou\u00e9 un r\u00f4le d\u00e9terminant dans le succ\u00e8s de certains des projets les plus populaires de la r\u00e9gion du Grand Toronto.<\/p>\n<p>Chez Equiton Developments, Kimberley est responsable de l'\u00e9laboration et de la mise en \u0153uvre de strat\u00e9gies de vente et de marketing efficaces pour tous les projets de d\u00e9veloppement et de construction de condominiums. Elle g\u00e8re avec brio toutes les initiatives de notori\u00e9t\u00e9 de la marque tout en s'effor\u00e7ant d'offrir des exp\u00e9riences exceptionnelles aux propri\u00e9taires. Gr\u00e2ce \u00e0 ses solides relations avec les courtiers, les acheteurs de maisons et la communaut\u00e9, Kimberley a d\u00e9velopp\u00e9 une compr\u00e9hension approfondie du march\u00e9 de la vente de condos, ce qui lui permet de commercialiser des projets de vente de condos qui sont tr\u00e8s demand\u00e9s par les consommateurs cibles.<\/p>\n<p>Kimberley est titulaire d'un baccalaur\u00e9at en gestion des affaires de Ryerson University (Universit\u00e9 m\u00e9tropolitaine de Toronto) et d\u00e9tient un permis de l'Association des agents immobiliers de l'Ontario.<\/p>\n<\/div>\r\n        \r\n    <\/div>\r\n<\/div> <!-- Close staff-member --><\/div> <!-- Close staff-member-listing --><\/div><style type=\"text\/css\">.fusion-body .fusion-builder-column-1{width:100% !important;margin-top : 0px;margin-bottom : 20px;}.fusion-builder-column-1 > .fusion-column-wrapper {padding-top : 0px !important;padding-right : 0px !important;margin-right : 1.92%;padding-bottom : 0px !important;padding-left : 0px !important;margin-left : 100px;}@media only screen and (max-width:1200px) {.fusion-body .fusion-builder-column-1{width:100% !important;order : 0;}.fusion-builder-column-1 > .fusion-column-wrapper {margin-right : 1.92%;margin-left : 100px;}}@media only screen and (max-width:700px) {.fusion-body .fusion-builder-column-1{width:100% !important;order : 0;}.fusion-builder-column-1 > .fusion-column-wrapper {margin-right : 1.92%;margin-left : 1.92%;}}<\/style><\/div><\/div><style type=\"text\/css\">.fusion-body .fusion-flex-container.fusion-builder-row-2{ padding-top : 0px;margin-top : 60px;padding-right : 0px;padding-bottom : 0px;margin-bottom : 0px;padding-left : 0px;}<\/style><\/div><\/p>\n","protected":false},"excerpt":{"rendered":"","protected":false},"author":6,"featured_media":0,"parent":19403,"menu_order":0,"comment_status":"closed","ping_status":"closed","template":"100-width.php","meta":{"_acf_changed":false,"inline_featured_image":false,"footnotes":"","_links_to":"","_links_to_target":""},"class_list":["post-54052","page","type-page","status-publish","hentry"],"acf":[],"yoast_head":"<!-- This site is optimized with the Yoast SEO Premium plugin v24.3 (Yoast SEO v24.3) - https:\/\/yoast.com\/wordpress\/plugins\/seo\/ -->\n<title>Kimberley Crescini - Equiton<\/title>\n<meta name=\"description\" content=\"Kimberley Crescini s&#039;est impos\u00e9e dans le secteur de l&#039;immobilier en tant que leader des ventes avant construction.\" \/>\n<meta name=\"robots\" content=\"index, follow, max-snippet:-1, max-image-preview:large, max-video-preview:-1\" \/>\n<link rel=\"canonical\" href=\"https:\/\/equiton.com\/fr\/investisseurs-individuels\/a-propos-dequiton\/equipes\/bio\/kimberley-crescini\/\" \/>\n<meta property=\"og:locale\" content=\"fr_CA\" \/>\n<meta property=\"og:type\" content=\"article\" \/>\n<meta property=\"og:title\" content=\"Kimberley Crescini\" \/>\n<meta property=\"og:description\" content=\"Kimberley Crescini s&#039;est impos\u00e9e dans le secteur de l&#039;immobilier en tant que leader des ventes avant construction.\" \/>\n<meta property=\"og:url\" content=\"https:\/\/equiton.com\/fr\/investisseurs-individuels\/a-propos-dequiton\/equipes\/bio\/kimberley-crescini\/\" \/>\n<meta property=\"og:site_name\" content=\"Equiton\" \/>\n<meta property=\"article:publisher\" content=\"https:\/\/www.facebook.com\/equitoninc\" \/>\n<meta property=\"article:modified_time\" content=\"2024-08-23T19:32:04+00:00\" \/>\n<meta name=\"twitter:card\" content=\"summary_large_image\" \/>\n<meta name=\"twitter:label1\" content=\"Estimation du temps de lecture\" \/>\n\t<meta name=\"twitter:data1\" content=\"3 minutes\" \/>\n<script type=\"application\/ld+json\" class=\"yoast-schema-graph\">{\"@context\":\"https:\/\/schema.org\",\"@graph\":[{\"@type\":\"WebPage\",\"@id\":\"https:\/\/equiton.com\/fr\/investisseurs-individuels\/a-propos-dequiton\/equipes\/bio\/kimberley-crescini\/\",\"url\":\"https:\/\/equiton.com\/fr\/investisseurs-individuels\/a-propos-dequiton\/equipes\/bio\/kimberley-crescini\/\",\"name\":\"Kimberley Crescini - Equiton\",\"isPartOf\":{\"@id\":\"https:\/\/fr.equiton.com\/fr\/#website\"},\"datePublished\":\"2024-08-23T19:29:01+00:00\",\"dateModified\":\"2024-08-23T19:32:04+00:00\",\"description\":\"Kimberley Crescini s'est impos\u00e9e dans le secteur de l'immobilier en tant que leader des ventes avant construction.\",\"breadcrumb\":{\"@id\":\"https:\/\/equiton.com\/fr\/investisseurs-individuels\/a-propos-dequiton\/equipes\/bio\/kimberley-crescini\/#breadcrumb\"},\"inLanguage\":\"fr-CA\",\"potentialAction\":[{\"@type\":\"ReadAction\",\"target\":[\"https:\/\/equiton.com\/fr\/investisseurs-individuels\/a-propos-dequiton\/equipes\/bio\/kimberley-crescini\/\"]}]},{\"@type\":\"BreadcrumbList\",\"@id\":\"https:\/\/equiton.com\/fr\/investisseurs-individuels\/a-propos-dequiton\/equipes\/bio\/kimberley-crescini\/#breadcrumb\",\"itemListElement\":[{\"@type\":\"ListItem\",\"position\":1,\"name\":\"Home\",\"item\":\"https:\/\/fr.equiton.com\/fr\/\"},{\"@type\":\"ListItem\",\"position\":2,\"name\":\"Investisseurs individuels\",\"item\":\"https:\/\/equiton.com\/fr\/investisseurs-individuels\/\"},{\"@type\":\"ListItem\",\"position\":3,\"name\":\"\u00c0 propos d&rsquo;Equiton\",\"item\":\"https:\/\/equiton.com\/fr\/investisseurs-individuels\/a-propos-dequiton\/\"},{\"@type\":\"ListItem\",\"position\":4,\"name\":\"\u00c9quipes\",\"item\":\"https:\/\/equiton.com\/fr\/individual-investors\/about-private-real-estate\/team\/\"},{\"@type\":\"ListItem\",\"position\":5,\"name\":\"Bio\",\"item\":\"https:\/\/equiton.com\/fr\/investisseurs-individuels\/a-propos-dequiton\/equipes\/bio\/\"},{\"@type\":\"ListItem\",\"position\":6,\"name\":\"Kimberley Crescini\"}]},{\"@type\":\"WebSite\",\"@id\":\"https:\/\/fr.equiton.com\/fr\/#website\",\"url\":\"https:\/\/fr.equiton.com\/fr\/\",\"name\":\"Equiton\",\"description\":\"\",\"publisher\":{\"@id\":\"https:\/\/fr.equiton.com\/fr\/#organization\"},\"potentialAction\":[{\"@type\":\"SearchAction\",\"target\":{\"@type\":\"EntryPoint\",\"urlTemplate\":\"https:\/\/fr.equiton.com\/fr\/?s={search_term_string}\"},\"query-input\":{\"@type\":\"PropertyValueSpecification\",\"valueRequired\":true,\"valueName\":\"search_term_string\"}}],\"inLanguage\":\"fr-CA\"},{\"@type\":\"Organization\",\"@id\":\"https:\/\/fr.equiton.com\/fr\/#organization\",\"name\":\"Equiton\",\"url\":\"https:\/\/fr.equiton.com\/fr\/\",\"logo\":{\"@type\":\"ImageObject\",\"inLanguage\":\"fr-CA\",\"@id\":\"https:\/\/fr.equiton.com\/fr\/#\/schema\/logo\/image\/\",\"url\":\"https:\/\/equiton.com\/wp-content\/uploads\/2022\/06\/Equiton-Logo-Placeholder.jpg\",\"contentUrl\":\"https:\/\/equiton.com\/wp-content\/uploads\/2022\/06\/Equiton-Logo-Placeholder.jpg\",\"width\":455,\"height\":312,\"caption\":\"Equiton\"},\"image\":{\"@id\":\"https:\/\/fr.equiton.com\/fr\/#\/schema\/logo\/image\/\"},\"sameAs\":[\"https:\/\/www.facebook.com\/equitoninc\",\"https:\/\/ca.linkedin.com\/company\/equiton-partners\"]}]}<\/script>\n<!-- \/ Yoast SEO Premium plugin. -->","yoast_head_json":{"title":"Kimberley Crescini - Equiton","description":"Kimberley Crescini s'est impos\u00e9e dans le secteur de l'immobilier en tant que leader des ventes avant construction.","robots":{"index":"index","follow":"follow","max-snippet":"max-snippet:-1","max-image-preview":"max-image-preview:large","max-video-preview":"max-video-preview:-1"},"canonical":"https:\/\/equiton.com\/fr\/investisseurs-individuels\/a-propos-dequiton\/equipes\/bio\/kimberley-crescini\/","og_locale":"fr_CA","og_type":"article","og_title":"Kimberley Crescini","og_description":"Kimberley Crescini s'est impos\u00e9e dans le secteur de l'immobilier en tant que leader des ventes avant construction.","og_url":"https:\/\/equiton.com\/fr\/investisseurs-individuels\/a-propos-dequiton\/equipes\/bio\/kimberley-crescini\/","og_site_name":"Equiton","article_publisher":"https:\/\/www.facebook.com\/equitoninc","article_modified_time":"2024-08-23T19:32:04+00:00","twitter_card":"summary_large_image","twitter_misc":{"Estimation du temps de lecture":"3 minutes"},"schema":{"@context":"https:\/\/schema.org","@graph":[{"@type":"WebPage","@id":"https:\/\/equiton.com\/fr\/investisseurs-individuels\/a-propos-dequiton\/equipes\/bio\/kimberley-crescini\/","url":"https:\/\/equiton.com\/fr\/investisseurs-individuels\/a-propos-dequiton\/equipes\/bio\/kimberley-crescini\/","name":"Kimberley Crescini - Equiton","isPartOf":{"@id":"https:\/\/fr.equiton.com\/fr\/#website"},"datePublished":"2024-08-23T19:29:01+00:00","dateModified":"2024-08-23T19:32:04+00:00","description":"Kimberley Crescini s'est impos\u00e9e dans le secteur de l'immobilier en tant que leader des ventes avant construction.","breadcrumb":{"@id":"https:\/\/equiton.com\/fr\/investisseurs-individuels\/a-propos-dequiton\/equipes\/bio\/kimberley-crescini\/#breadcrumb"},"inLanguage":"fr-CA","potentialAction":[{"@type":"ReadAction","target":["https:\/\/equiton.com\/fr\/investisseurs-individuels\/a-propos-dequiton\/equipes\/bio\/kimberley-crescini\/"]}]},{"@type":"BreadcrumbList","@id":"https:\/\/equiton.com\/fr\/investisseurs-individuels\/a-propos-dequiton\/equipes\/bio\/kimberley-crescini\/#breadcrumb","itemListElement":[{"@type":"ListItem","position":1,"name":"Home","item":"https:\/\/fr.equiton.com\/fr\/"},{"@type":"ListItem","position":2,"name":"Investisseurs individuels","item":"https:\/\/equiton.com\/fr\/investisseurs-individuels\/"},{"@type":"ListItem","position":3,"name":"\u00c0 propos d&rsquo;Equiton","item":"https:\/\/equiton.com\/fr\/investisseurs-individuels\/a-propos-dequiton\/"},{"@type":"ListItem","position":4,"name":"\u00c9quipes","item":"https:\/\/equiton.com\/fr\/individual-investors\/about-private-real-estate\/team\/"},{"@type":"ListItem","position":5,"name":"Bio","item":"https:\/\/equiton.com\/fr\/investisseurs-individuels\/a-propos-dequiton\/equipes\/bio\/"},{"@type":"ListItem","position":6,"name":"Kimberley Crescini"}]},{"@type":"WebSite","@id":"https:\/\/fr.equiton.com\/fr\/#website","url":"https:\/\/fr.equiton.com\/fr\/","name":"Equiton","description":"","publisher":{"@id":"https:\/\/fr.equiton.com\/fr\/#organization"},"potentialAction":[{"@type":"SearchAction","target":{"@type":"EntryPoint","urlTemplate":"https:\/\/fr.equiton.com\/fr\/?s={search_term_string}"},"query-input":{"@type":"PropertyValueSpecification","valueRequired":true,"valueName":"search_term_string"}}],"inLanguage":"fr-CA"},{"@type":"Organization","@id":"https:\/\/fr.equiton.com\/fr\/#organization","name":"Equiton","url":"https:\/\/fr.equiton.com\/fr\/","logo":{"@type":"ImageObject","inLanguage":"fr-CA","@id":"https:\/\/fr.equiton.com\/fr\/#\/schema\/logo\/image\/","url":"https:\/\/equiton.com\/wp-content\/uploads\/2022\/06\/Equiton-Logo-Placeholder.jpg","contentUrl":"https:\/\/equiton.com\/wp-content\/uploads\/2022\/06\/Equiton-Logo-Placeholder.jpg","width":455,"height":312,"caption":"Equiton"},"image":{"@id":"https:\/\/fr.equiton.com\/fr\/#\/schema\/logo\/image\/"},"sameAs":["https:\/\/www.facebook.com\/equitoninc","https:\/\/ca.linkedin.com\/company\/equiton-partners"]}]}},"_links":{"self":[{"href":"https:\/\/equiton.com\/fr\/wp-json\/wp\/v2\/pages\/54052","targetHints":{"allow":["GET"]}}],"collection":[{"href":"https:\/\/equiton.com\/fr\/wp-json\/wp\/v2\/pages"}],"about":[{"href":"https:\/\/equiton.com\/fr\/wp-json\/wp\/v2\/types\/page"}],"author":[{"embeddable":true,"href":"https:\/\/equiton.com\/fr\/wp-json\/wp\/v2\/users\/6"}],"replies":[{"embeddable":true,"href":"https:\/\/equiton.com\/fr\/wp-json\/wp\/v2\/comments?post=54052"}],"version-history":[{"count":0,"href":"https:\/\/equiton.com\/fr\/wp-json\/wp\/v2\/pages\/54052\/revisions"}],"up":[{"embeddable":true,"href":"https:\/\/equiton.com\/fr\/wp-json\/wp\/v2\/pages\/19403"}],"wp:attachment":[{"href":"https:\/\/equiton.com\/fr\/wp-json\/wp\/v2\/media?parent=54052"}],"curies":[{"name":"wp","href":"https:\/\/api.w.org\/{rel}","templated":true}]}}